{"id":799,"date":"2025-09-09T07:20:36","date_gmt":"2025-09-09T07:20:36","guid":{"rendered":"https:\/\/hoatuoicohai.vn\/bo-hoa-tuoi-tron-ven-yeu-thuong-b04\/"},"modified":"2025-09-30T04:57:31","modified_gmt":"2025-09-30T04:57:31","slug":"bo-hoa-tuoi-tron-ven-yeu-thuong-b04","status":"publish","type":"product","link":"https:\/\/hoatuoicohai.vn\/en\/bo-hoa-tuoi-tron-ven-yeu-thuong-b04\/","title":{"rendered":"Fresh flower bouquet &#8211; Full of love &#8211; B04"},"content":{"rendered":"<p><span style=\"font-weight: 500;\">1: Detailed product description:<\/span><\/p>\n<p><span style=\"font-weight: 500;\">&#8211; \u201cFull of Love\u201d is a large bouquet, designed from outstanding French red roses, bordered with pure white baby flowers. With extremely prominent and luxurious red and black tones, this is the perfect choice to express strong, deep and classy feelings.<\/span><\/p>\n<p><span style=\"font-weight: 500;\">&#8211; A bouquet of flowers is the perfect gift for your loved ones on special occasions.<\/span><\/p>\n<p><span style=\"font-weight: 500;\">2: Types of flowers used and their meanings:<\/span><\/p>\n<p><span style=\"font-weight: 500;\">&#8211; French red rose: The flower symbolizes passionate, intense and ardent love. With its seductive red color, French red roses also express respect, admiration and affirmation of eternal love.<\/span><\/p>\n<p><span style=\"font-weight: 500;\">&#8211; White baby flowers: Bring a gentle, pure message. In this bouquet, baby acts as a layer of mist surrounding a fiery heart \u2013 representing protection and nurturing of pure feelings.<\/span><\/p>\n<p><span style=\"font-weight: 500;\">3: Overall meaning:<\/span><\/p>\n<p><span style=\"font-weight: 500;\">&#8211; The bouquet is a harmonious combination of enthusiasm and sophistication, representing a deep, intense and loyal love. Suitable for expressing strong emotions to your partner, lover, or a romantic confession.<\/span><\/p>\n<p><span style=\"font-weight: 500;\">4: Suitable occasions:<\/span><\/p>\n<p><span style=\"font-weight: 500;\">&#8211; Birthday of lover, wife\/husband<\/span><\/p>\n<p><span style=\"font-weight: 500;\">&#8211; Anniversary of love and marriage<\/span><\/p>\n<p><span style=\"font-weight: 500;\">&#8211; Valentine<\/span><\/p>\n<p><span style=\"font-weight: 500;\">&#8211; Propose<\/span><\/p>\n<p><span style=\"font-weight: 500;\">&#8211; Confess or sincerely apologize<\/span><\/p>\n<p><span style=\"font-weight: 500;\">5: Storage instructions:<\/span><\/p>\n<p><span style=\"font-weight: 500;\">&#8211; Tr\u00e1nh n\u01a1i c\u00f3 \u00e1nh n\u1eafng tr\u1ef1c ti\u1ebfp, nhi\u1ec7t \u0111\u1ed9 cao ho\u1eb7c gi\u00f3 m\u1ea1nh.<\/span><\/p>\n<p><span style=\"font-weight: 500;\">&#8211; \u0110\u1eb7t n\u01a1i tho\u00e1ng m\u00e1t, c\u00f3 th\u1ec3 x\u1ecbt s\u01b0\u01a1ng nh\u1eb9 v\u00e0o hoa baby \u0111\u1ec3 gi\u1eef \u0111\u1ed9 t\u01b0\u01a1i.<\/span><\/p>\n<p><span style=\"font-weight: 500;\">&#8211; Avoid peeling off the outer wrapping paper to keep the flower&#8217;s beautiful shape longer.<\/span><\/p>\n","protected":false},"excerpt":{"rendered":"<p>1: Detailed product description: &#8211; \u201cFull of Love\u201d is a large bouquet, designed from outstanding French red roses, bordered with pure white baby flowers. With extremely prominent and luxurious red and black tones, this is the perfect choice to express strong, deep and classy feelings. &#8211; A bouquet of flowers is the perfect gift for [&#8230;]\n","protected":false},"featured_media":798,"comment_status":"open","ping_status":"closed","template":"","meta":[],"product_brand":[],"product_cat":[114,95,94,92,98,96,93,121,107,137,139,141,108,136,88,110],"product_tag":[],"class_list":{"0":"post-799","1":"product","2":"type-product","3":"status-publish","4":"has-post-thumbnail","6":"product_cat-bouquet","7":"product_cat-color-catalog","8":"product_cat-flower-species-catalog","9":"product_cat-holiday-list","10":"product_cat-red-color","11":"product_cat-rose","12":"product_cat-style-catalog","13":"product_cat-baby-flowers","14":"product_cat-birthday-flowers","15":"product_cat-flowers-for-friends","16":"product_cat-flowers-for-lover","17":"product_cat-flowers-for-wife","18":"product_cat-flowers-of-love","19":"product_cat-list-of-objects","20":"product_cat-topic-list","21":"product_cat-valentines-day-february-14","23":"first","24":"instock","25":"shipping-taxable","26":"purchasable","27":"product-type-simple"},"_links":{"self":[{"href":"https:\/\/hoatuoicohai.vn\/en\/wp-json\/wp\/v2\/product\/799","targetHints":{"allow":["GET"]}}],"collection":[{"href":"https:\/\/hoatuoicohai.vn\/en\/wp-json\/wp\/v2\/product"}],"about":[{"href":"https:\/\/hoatuoicohai.vn\/en\/wp-json\/wp\/v2\/types\/product"}],"replies":[{"embeddable":true,"href":"https:\/\/hoatuoicohai.vn\/en\/wp-json\/wp\/v2\/comments?post=799"}],"wp:featuredmedia":[{"embeddable":true,"href":"https:\/\/hoatuoicohai.vn\/en\/wp-json\/wp\/v2\/media\/798"}],"wp:attachment":[{"href":"https:\/\/hoatuoicohai.vn\/en\/wp-json\/wp\/v2\/media?parent=799"}],"wp:term":[{"taxonomy":"product_brand","embeddable":true,"href":"https:\/\/hoatuoicohai.vn\/en\/wp-json\/wp\/v2\/product_brand?post=799"},{"taxonomy":"product_cat","embeddable":true,"href":"https:\/\/hoatuoicohai.vn\/en\/wp-json\/wp\/v2\/product_cat?post=799"},{"taxonomy":"product_tag","embeddable":true,"href":"https:\/\/hoatuoicohai.vn\/en\/wp-json\/wp\/v2\/product_tag?post=799"}],"curies":[{"name":"wp","href":"https:\/\/api.w.org\/{rel}","templated":true}]}}